{"id":61,"date":"2023-12-07T12:03:09","date_gmt":"2023-12-07T11:03:09","guid":{"rendered":"https:\/\/wpbozek.wordpress.com\/?page_id=61"},"modified":"2025-12-22T20:36:38","modified_gmt":"2025-12-22T19:36:38","slug":"impressum-2","status":"publish","type":"page","link":"https:\/\/original-baumberger-musikanten.de\/?page_id=61","title":{"rendered":"Impressum"},"content":{"rendered":"\r\n<h5 class=\"wp-block-heading\" style=\"padding-left: 40px;\">\u00a0<\/h5>\r\n<p><span style=\"color: #9e7f53;\">\r\n\r\n<\/span><\/p>\r\n<p style=\"padding-left: 40px;\"><span style=\"color: #9e7f53;\"><strong>Original Baumberger Musikanten e. V.<\/strong><\/span><br \/><span style=\"color: #9e7f53;\">Walingen 2<\/span><br \/><span style=\"color: #9e7f53;\">48329 Havixbeck<\/span><br \/><span style=\"color: #9e7f53;\"><strong>Kontakt:<\/strong><\/span><br \/><span style=\"color: #9e7f53;\">Telefon: +49 (0)160 92 14 5213<\/span><br \/><a href=\"mailto:info@baumberger-musikanten.de\"><span style=\"color: #9e7f53;\">info@baumberger-musikanten.de<\/span><\/a><\/p>\r\n<p><span style=\"color: #9e7f53;\">\r\n\r\n<\/span><\/p>\r\n<hr class=\"wp-block-separator has-alpha-channel-opacity\" style=\"padding-left: 40px;\" \/>\r\n<p><span style=\"color: #9e7f53;\">\r\n\r\n<\/span><\/p>\r\n<h5 class=\"wp-block-heading\" style=\"padding-left: 40px;\"><span style=\"color: #9e7f53;\">Vertreten durch:<\/span><\/h5>\r\n<p><span style=\"color: #9e7f53;\">\r\n\r\n<\/span><\/p>\r\n<p class=\"has-white-background-color has-background\" style=\"padding-left: 40px;\"><span style=\"color: #9e7f53;\"><strong>Guido Henrichmann<\/strong><\/span><br \/><br \/><span style=\"color: #9e7f53;\"><strong>Rudolf Seidel<\/strong><\/span><br \/><br \/><span style=\"color: #9e7f53;\"><strong>Ralf Dre\u00dfler<\/strong><\/span><\/p>\r\n<p><span style=\"color: #9e7f53;\">\r\n\r\n<\/span><\/p>\r\n<hr class=\"wp-block-separator has-alpha-channel-opacity\" style=\"padding-left: 40px;\" \/>\r\n<p><span style=\"color: #9e7f53;\">\r\n\r\n<\/span><\/p>\r\n<h5 class=\"wp-block-heading\" style=\"padding-left: 40px;\"><span style=\"color: #9e7f53;\">Redaktionell verantwortlich:<\/span><\/h5>\r\n<p><span style=\"color: #9e7f53;\">\r\n\r\n<\/span><\/p>\r\n<p style=\"padding-left: 40px;\"><span style=\"color: #9e7f53;\"><strong>Waldemar-Peter Bozek<\/strong><\/span><br \/><span style=\"color: #9e7f53;\">Haferlandweg 46<\/span><br \/><span style=\"color: #9e7f53;\">48329 Havixbeck<\/span><br \/><br \/><a href=\"mailto:WP.Bozek@t-online.de\"><span style=\"color: #9e7f53;\">WP.Bozek@t-online.de<\/span><\/a><\/p>\r\n<p><span style=\"color: #9e7f53;\">\r\n\r\n<\/span><\/p>\r\n<hr class=\"wp-block-separator has-alpha-channel-opacity\" style=\"padding-left: 40px;\" \/>\r\n<p><span style=\"color: #9e7f53;\">\r\n\r\n<\/span><\/p>\r\n<h5 class=\"wp-block-heading\" style=\"padding-left: 40px;\"><span style=\"color: #9e7f53;\">Registereintrag:<\/span><\/h5>\r\n<p><span style=\"color: #9e7f53;\">\r\n\r\n<\/span><\/p>\r\n<p style=\"padding-left: 40px;\"><span style=\"color: #9e7f53;\"><strong>Original Baumberger Musikanten e.V.<\/strong><\/span><br \/><span style=\"color: #9e7f53;\">Nordrhein-Westfalen, Amtsgericht Coesfeld\u00a0<\/span><br \/><span style=\"color: #9e7f53;\">Der eingetragenen Verein Original Baumberger Musikanten e.V. <\/span><br \/><span style=\"color: #9e7f53;\">ist in das Vereinsregister (VR) beim Amtsgericht Coesfeld unter <\/span><br \/><span style=\"color: #9e7f53;\">der Registernummer 625 eingetragen.<\/span><\/p>\r\n<hr class=\"wp-block-separator has-alpha-channel-opacity\" style=\"padding-left: 40px;\" \/>\r\n<p><span style=\"color: #9e7f53;\">\r\n\r\n<\/span><\/p>\r\n<h4 class=\"wp-block-heading\" style=\"padding-left: 40px;\"><span style=\"color: #9e7f53;\">Verbraucherstreitbeilegung\/ Universalschlichtungsstelle<\/span><\/h4>\r\n<p><span style=\"color: #9e7f53;\">\r\n\r\n<\/span><\/p>\r\n<p style=\"padding-left: 40px;\"><span style=\"color: #9e7f53;\">Wir sind nicht bereit oder verpflichtet, an Streitbeilegungsverfahren vor einer Verbraucherschlichtungsstelle teilzunehmen.<\/span><\/p>\r\n<hr class=\"wp-block-separator has-alpha-channel-opacity\" style=\"padding-left: 40px;\" \/>\r\n<h5 style=\"padding-left: 40px;\"><span style=\"color: #9e7f53;\">Rechtshinweis<\/span><\/h5>\r\n<p style=\"padding-left: 40px;\"><span style=\"color: #9e7f53;\">Wir pr\u00fcfen und aktualisieren st\u00e4ndig die Informationen auf unserer Website. Die ihnen zugrunde liegenden Fakten und Daten k\u00f6nnen sich dennoch zwischenzeitlich ge\u00e4ndert haben. Deshalb kann trotz aller Sorgfalt keine Haftung oder Garantie f\u00fcr Aktualit\u00e4t, Richtigkeit und Vollst\u00e4ndigkeit der zur Verf\u00fcgung gestellten Informationen \u00fcbernommen werden. Gleiches gilt auch f\u00fcr alle anderen Websites, auf die mittels Hyperlink verwiesen wird. Wir sind f\u00fcr den Inhalt der Websites, die aufgrund einer solchen Verbindung erreicht werden, nicht verantwortlich.<\/span><\/p>\r\n<div id=\"entry167\" class=\"entry textentry \" style=\"padding-left: 40px;\">\r\n<div class=\"hyphenate tinymce-content\" style=\"padding-left: 40px;\"><span style=\"color: #9e7f53;\">Wir behalten uns das Recht vor, die bereitgestellten Informationen zu \u00e4ndern oder zu erg\u00e4nzen. Inhalte, Struktur und Erscheinungsbild unserer Websites\u00a0 sind urheberrechtlich und nutzungsrechtlich gesch\u00fctzt.<\/span><br \/><br \/><span style=\"color: #9e7f53;\">Dieses Impressum gilt auch f\u00fcr die Facebookseiten<\/span><br \/><span style=\"color: #9e7f53;\"><a style=\"color: #9e7f53;\" href=\"https:\/\/www.facebook.com\/OriginalBaumbergerMusikanten\" target=\"_blank\" rel=\"noopener\">der Original-Baumberger-Musikanten<\/a><\/span><\/div>\r\n<\/div>\r\n<p style=\"padding-left: 40px;\"><span style=\"color: #9e7f53;\"><a style=\"color: #9e7f53;\" href=\"https:\/\/original-baumberger-musikanten.de\/?page_id=71\">Datenschutzerkl\u00e4rung<\/a><\/span><\/p>\r\n<p><span style=\"color: #9e7f53;\">\r\n\r\n<\/span><\/p>\r\n<p style=\"padding-left: 40px;\"><span style=\"color: #9e7f53;\">Quelle:<\/span><br \/><span style=\"color: #9e7f53;\"><strong><a style=\"color: #9e7f53;\" href=\"https:\/\/www.e-recht24.de\/\" target=\"_blank\" rel=\"noreferrer noopener\">https:\/\/www.e-recht24.de<\/a><\/strong><\/span><\/p>\r\n<p><span style=\"color: #9e7f53;\">\r\n\r\n<\/span><\/p>\r\n<p style=\"padding-left: 40px;\">\u00a0<\/p>\r\n","protected":false},"excerpt":{"rendered":"<p>Impressum der Original Baumberger Musikanten aus Havixbeck. Es wird B\u00f6hmisch M\u00e4hrische Blasmusik gespielt<\/p>\n","protected":false},"author":1,"featured_media":0,"parent":0,"menu_order":11,"comment_status":"closed","ping_status":"closed","template":"","meta":{"footnotes":""},"class_list":["post-61","page","type-page","status-publish","hentry","latest_post"],"_links":{"self":[{"href":"https:\/\/original-baumberger-musikanten.de\/index.php?rest_route=\/wp\/v2\/pages\/61","targetHints":{"allow":["GET"]}}],"collection":[{"href":"https:\/\/original-baumberger-musikanten.de\/index.php?rest_route=\/wp\/v2\/pages"}],"about":[{"href":"https:\/\/original-baumberger-musikanten.de\/index.php?rest_route=\/wp\/v2\/types\/page"}],"author":[{"embeddable":true,"href":"https:\/\/original-baumberger-musikanten.de\/index.php?rest_route=\/wp\/v2\/users\/1"}],"replies":[{"embeddable":true,"href":"https:\/\/original-baumberger-musikanten.de\/index.php?rest_route=%2Fwp%2Fv2%2Fcomments&post=61"}],"version-history":[{"count":3,"href":"https:\/\/original-baumberger-musikanten.de\/index.php?rest_route=\/wp\/v2\/pages\/61\/revisions"}],"predecessor-version":[{"id":1487,"href":"https:\/\/original-baumberger-musikanten.de\/index.php?rest_route=\/wp\/v2\/pages\/61\/revisions\/1487"}],"wp:attachment":[{"href":"https:\/\/original-baumberger-musikanten.de\/index.php?rest_route=%2Fwp%2Fv2%2Fmedia&parent=61"}],"curies":[{"name":"wp","href":"https:\/\/api.w.org\/{rel}","templated":true}]}}