{"id":273,"date":"2024-07-26T14:42:46","date_gmt":"2024-07-26T14:42:46","guid":{"rendered":"https:\/\/wpbozek.wordpress.com\/?page_id=273"},"modified":"2026-04-22T11:04:47","modified_gmt":"2026-04-22T09:04:47","slug":"original-baumberger-musikanten-e-v","status":"publish","type":"page","link":"https:\/\/original-baumberger-musikanten.de\/","title":{"rendered":"Startseite"},"content":{"rendered":"<h5><a href=\"https:\/\/original-baumberger-musikanten.de\/wp-content\/uploads\/2025\/05\/bb-1.webp\"><img data-dominant-color=\"6e6664\" data-has-transparency=\"false\" style=\"--dominant-color: #6e6664;\" loading=\"lazy\" decoding=\"async\" class=\"wp-image-1396 size-large aligncenter not-transparent\" src=\"data:image\/gif;base64,R0lGODlhAQABAAAAACH5BAEKAAEALAAAAAABAAEAAAICTAEAOw==\" data-layzr=\"https:\/\/original-baumberger-musikanten.de\/wp-content\/uploads\/2025\/05\/bb-1-1024x471.webp\" alt=\"\" width=\"840\" height=\"386\" \/><\/a><\/h5>\n<h4 style=\"text-align: center;\"><strong><span style=\"color: #9e7f53;\"><span style=\"color: #ff0000;\">\u00a0 \u00a0 \u00a0 \u00a0<\/span><\/span><\/strong><strong><span style=\"color: #9e7f53;\"><span style=\"color: #ff0000;\">\u00a0 \u00a0 \u00a0 \u00a0 <\/span><\/span><\/strong><\/h4>\n<h4 style=\"padding-left: 40px;\"><span style=\"color: #9e7f53; font-family: var(--primary-font); font-size: 1.722em;\">Willkommen bei den <\/span><\/h4>\n<h4 style=\"padding-left: 40px;\"><span style=\"color: #9e7f53; font-family: var(--primary-font); font-size: 1.722em;\">Original Baumberger Musikanten<\/span><\/h4>\n<h4 style=\"padding-left: 40px;\"><\/h4>\n<h3 style=\"padding-left: 40px;\"><span style=\"color: #9e7f53;\">&#8222;Blasmusik im Herzen&#8220;<\/span><\/h3>\n<h4 style=\"padding-left: 40px;\"><span style=\"color: #9e7f53;\">&#8211; so hei\u00dft ein Titel im Repertoire der Original Baumberger Musikanten. Und dieser Titel ist auch Programm f\u00fcr die Musikerinnen und Musiker: Gerade die volkst\u00fcmliche Blasmusik im Egerl\u00e4nder-Stil muss von Herzen kommen, um das Publikum zu erreichen. Wir wollen mit unserer Musik in die Herzen des Publikums vordringen. Ob uns das gelingt? Finden Sie es bei einem unserer Konzerte heraus!<\/span><\/h4>\n<p>&nbsp;<\/p>\n<p>&nbsp;<\/p>\n<map id=\"face-insta\" name=\"face-insta\">\n<area title=\"instagram\" alt=\"instagram\" coords=\"8,10,195,194\" shape=\"rect\" href=\"https:\/\/www.instagram.com\/original_baumberger_musikanten\/\" target=\"_blank\" \/>\n<area title=\"Facebook\" alt=\"Facebook\" coords=\"207,9,399,198\" shape=\"rect\" href=\"https:\/\/www.facebook.com\/OriginalBaumbergerMusikanten\/?locale=de_DE\" target=\"_blank\" \/> <\/map>\n<h5><\/h5>\n<p>&nbsp;<\/p>\n<p><a href=\"https:\/\/www.instagram.com\/original_baumberger_musikanten\/\" target=\"_blank\" rel=\"noopener\"><img data-dominant-color=\"cc506d\" data-has-transparency=\"true\" style=\"--dominant-color: #cc506d;\" loading=\"lazy\" decoding=\"async\" class=\"alignleft wp-image-1538 size-thumbnail has-transparency\" src=\"data:image\/gif;base64,R0lGODlhAQABAAAAACH5BAEKAAEALAAAAAABAAEAAAICTAEAOw==\" data-layzr=\"https:\/\/original-baumberger-musikanten.de\/wp-content\/uploads\/2026\/04\/pngtree-instagram-icon-instagram-logo-png-image_35848531-150x150.webp\" alt=\"\" width=\"150\" height=\"150\" \/><\/a><a href=\"https:\/\/www.facebook.com\/OriginalBaumbergerMusikanten\/\"><img data-dominant-color=\"3098fe\" data-has-transparency=\"true\" style=\"--dominant-color: #3098fe;\" loading=\"lazy\" decoding=\"async\" class=\"alignnone wp-image-1541 size-thumbnail has-transparency\" src=\"data:image\/gif;base64,R0lGODlhAQABAAAAACH5BAEKAAEALAAAAAABAAEAAAICTAEAOw==\" data-layzr=\"https:\/\/original-baumberger-musikanten.de\/wp-content\/uploads\/2026\/04\/facebook-logo-facebook-icon-transparent-free-png1-150x150.webp\" alt=\"\" width=\"150\" height=\"150\" \/><\/a><\/p>\n<p>&nbsp;<\/p>\n","protected":false},"excerpt":{"rendered":"<p>Die #Original Baumberger Musikanten pr\u00e4sentieren #B\u00f6hmische Blasmusik im Egerl\u00e4nder Stil, die von Herzen kommt.<br \/>\nEntstanden aus den #Baumberger Musikanten in Havixbeck, in NRW. B\u00f6hmisch M\u00e4hrische Musik aus #Havixbeck.<br \/>\nHTTPS:\/\/Original-Baumberger-Musikanten.de  <\/p>\n","protected":false},"author":1,"featured_media":0,"parent":0,"menu_order":4,"comment_status":"closed","ping_status":"closed","template":"","meta":{"footnotes":""},"class_list":["post-273","page","type-page","status-publish","hentry","latest_post"],"_links":{"self":[{"href":"https:\/\/original-baumberger-musikanten.de\/index.php?rest_route=\/wp\/v2\/pages\/273","targetHints":{"allow":["GET"]}}],"collection":[{"href":"https:\/\/original-baumberger-musikanten.de\/index.php?rest_route=\/wp\/v2\/pages"}],"about":[{"href":"https:\/\/original-baumberger-musikanten.de\/index.php?rest_route=\/wp\/v2\/types\/page"}],"author":[{"embeddable":true,"href":"https:\/\/original-baumberger-musikanten.de\/index.php?rest_route=\/wp\/v2\/users\/1"}],"replies":[{"embeddable":true,"href":"https:\/\/original-baumberger-musikanten.de\/index.php?rest_route=%2Fwp%2Fv2%2Fcomments&post=273"}],"version-history":[{"count":58,"href":"https:\/\/original-baumberger-musikanten.de\/index.php?rest_route=\/wp\/v2\/pages\/273\/revisions"}],"predecessor-version":[{"id":1542,"href":"https:\/\/original-baumberger-musikanten.de\/index.php?rest_route=\/wp\/v2\/pages\/273\/revisions\/1542"}],"wp:attachment":[{"href":"https:\/\/original-baumberger-musikanten.de\/index.php?rest_route=%2Fwp%2Fv2%2Fmedia&parent=273"}],"curies":[{"name":"wp","href":"https:\/\/api.w.org\/{rel}","templated":true}]}}