{"id":218,"date":"2023-12-07T17:34:11","date_gmt":"2023-12-07T16:34:11","guid":{"rendered":"https:\/\/wpbozek.wordpress.com\/?page_id=218"},"modified":"2024-10-14T16:46:39","modified_gmt":"2024-10-14T14:46:39","slug":"dirigent","status":"publish","type":"page","link":"https:\/\/original-baumberger-musikanten.de\/?page_id=218","title":{"rendered":"Dirigent"},"content":{"rendered":"\r\n<h4 id=\"block-db6f7dd0-9c2d-4aec-a2ce-e3a7e056f1e4\" class=\"wp-block-image alignright is-resized\"><img decoding=\"async\" class=\"alignright\" style=\"width: 418px; height: auto;\" src=\"data:image\/gif;base64,R0lGODlhAQABAAAAACH5BAEKAAEALAAAAAABAAEAAAICTAEAOw==\" data-layzr=\"https:\/\/original-baumberger-musikanten.de\/wp-content\/uploads\/2023\/12\/image-1-1.png?w=704\" alt=\"Dieses Bild hat ein leeres alt-Attribut; sein Dateiname ist image-1.png\" \/><span style=\"color: #9e7f53;\">Eigentlich denkt man ja, ein guter Musiker kann kein guter Sportler sein. Das es auch anders geht, beweist der neue Dirigent der Original Baumberger Musikanten Diethelm Hoffmann. <br \/>Die \u00e4lteren Fu\u00dfballfans kennen ihn vielleicht noch aus seiner Zeit bei Preu\u00dfen M\u00fcnster und Arminia Bielefeld Anfang der 70er Jahre. Doch bald stellte Hoffmann fest, dass die Musik ihm noch mehr am Herzen lag als der Fu\u00dfball. Er studierte in M\u00fcnster und Detmold Posaune und startete 1976 seine Musikerkarriere. \u00dcber die Niederrheinischen Symphoniker und das Musiktheater im Revier kam Hoffmann zum Philharmonischen Orchester Hagen, bei dem er als Posaunist, Intendant und Orchesterdirektor t\u00e4tig war. <br \/>W\u00e4hrend seiner gro\u00dfartigen Karriere spielte er unter anderem auch beim WDR Rundfunkorchester und auch beim NDR. <br \/>Ein H\u00f6hepunkt f\u00fcr ihn war die Auff\u00fchrung der Oper Elektra mit dem Orchester Gran Teatre del Liceu Barcelona. Aus Spa\u00df an der Musik leitete Hoffmann verschiedene Amateurorchester vor allem im Sauerland und im Ruhrgebiet. Jetzt, im Ruhestand, ist er der neue Dirigent der Original Baumberger Musikanten. Seine fr\u00f6hliche und direkte Art kommt bei den Musikern sehr gut an. <br \/>Die Musik der Original Baumberger Musikanten ist aber nat\u00fcrlich b\u00f6hmisch geblieben. Polkas, Walzer und M\u00e4rsche stehen auf dem Programm.<\/span><\/h4>\r\n\r\n\r\n\r\n\r\n\r\n<p style=\"padding-left: 40px;\">\u00a0<\/p>","protected":false},"excerpt":{"rendered":"<p>\u00a0<\/p>\n","protected":false},"author":1,"featured_media":0,"parent":391,"menu_order":7,"comment_status":"closed","ping_status":"closed","template":"","meta":{"footnotes":""},"class_list":["post-218","page","type-page","status-publish","hentry","latest_post"],"_links":{"self":[{"href":"https:\/\/original-baumberger-musikanten.de\/index.php?rest_route=\/wp\/v2\/pages\/218","targetHints":{"allow":["GET"]}}],"collection":[{"href":"https:\/\/original-baumberger-musikanten.de\/index.php?rest_route=\/wp\/v2\/pages"}],"about":[{"href":"https:\/\/original-baumberger-musikanten.de\/index.php?rest_route=\/wp\/v2\/types\/page"}],"author":[{"embeddable":true,"href":"https:\/\/original-baumberger-musikanten.de\/index.php?rest_route=\/wp\/v2\/users\/1"}],"replies":[{"embeddable":true,"href":"https:\/\/original-baumberger-musikanten.de\/index.php?rest_route=%2Fwp%2Fv2%2Fcomments&post=218"}],"version-history":[{"count":5,"href":"https:\/\/original-baumberger-musikanten.de\/index.php?rest_route=\/wp\/v2\/pages\/218\/revisions"}],"predecessor-version":[{"id":1279,"href":"https:\/\/original-baumberger-musikanten.de\/index.php?rest_route=\/wp\/v2\/pages\/218\/revisions\/1279"}],"up":[{"embeddable":true,"href":"https:\/\/original-baumberger-musikanten.de\/index.php?rest_route=\/wp\/v2\/pages\/391"}],"wp:attachment":[{"href":"https:\/\/original-baumberger-musikanten.de\/index.php?rest_route=%2Fwp%2Fv2%2Fmedia&parent=218"}],"curies":[{"name":"wp","href":"https:\/\/api.w.org\/{rel}","templated":true}]}}